{"id":992,"date":"2022-06-03T07:18:25","date_gmt":"2022-06-03T07:18:25","guid":{"rendered":"https:\/\/tente-rouge-berlin.de\/?page_id=992"},"modified":"2022-06-03T07:20:28","modified_gmt":"2022-06-03T07:20:28","slug":"news-grid","status":"publish","type":"page","link":"https:\/\/tente-rouge-berlin.de\/de\/news-grid\/","title":{"rendered":"News-grid"},"content":{"rendered":"<ul class=\"wp-block-latest-posts__list is-grid columns-3 wp-block-latest-posts\"><li><a class=\"wp-block-latest-posts__post-title\" href=\"https:\/\/tente-rouge-berlin.de\/de\/tentes-rouge-a-venir\/\">Tentes Rouge \u00e0 venir&#8230;.<\/a><div class=\"wp-block-latest-posts__post-excerpt\">Jusqu\u00b4en Juin nous vous invitons \u00e0 nous rejoindre sous la Tente Rouge, \u00e0 Im Baum, &#8230; <a title=\"Tentes Rouge \u00e0 venir&#8230;.\" class=\"read-more\" href=\"https:\/\/tente-rouge-berlin.de\/de\/tentes-rouge-a-venir\/\" aria-label=\"Mehr Informationen \u00fcber Tentes Rouge \u00e0 venir&#8230;.\">Weiterlesen<\/a><\/div><\/li>\n<li><a class=\"wp-block-latest-posts__post-title\" href=\"https:\/\/tente-rouge-berlin.de\/de\/dates-des-prochaines-tentes-rouges\/\">Daten der neuen Roten Zelte<\/a><div class=\"wp-block-latest-posts__post-excerpt\">Hallo Ihr Lieben!!! Um uns in unserem rhythmischen Leben als pluralistische Frauen (unsere verschiedenen Rollen) &#8230; <a title=\"Daten der neuen Roten Zelte\" class=\"read-more\" href=\"https:\/\/tente-rouge-berlin.de\/de\/dates-des-prochaines-tentes-rouges\/\" aria-label=\"Mehr Informationen \u00fcber Daten der neuen Roten Zelte\">Weiterlesen<\/a><\/div><\/li>\n<li><a class=\"wp-block-latest-posts__post-title\" href=\"https:\/\/tente-rouge-berlin.de\/de\/tente-rouge-22-09-2022\/\">Tente Rouge 22.09.2022<\/a><div class=\"wp-block-latest-posts__post-excerpt\">Bonjour \u00e0 toutes, Une pause! Oui, apr\u00e8s le tourbillon de la rentr\u00e9e, viens t \u00b4installer &#8230; <a title=\"Tente Rouge 22.09.2022\" class=\"read-more\" href=\"https:\/\/tente-rouge-berlin.de\/de\/tente-rouge-22-09-2022\/\" aria-label=\"Mehr Informationen \u00fcber Tente Rouge 22.09.2022\">Weiterlesen<\/a><\/div><\/li>\n<li><div class=\"wp-block-latest-posts__featured-image\"><a href=\"https:\/\/tente-rouge-berlin.de\/de\/12-mai-film-cest-la-vie\/\" aria-label=\"12. Mai Film &#8222;A la vie&#8220;\"><\/a><\/div><a class=\"wp-block-latest-posts__post-title\" href=\"https:\/\/tente-rouge-berlin.de\/de\/12-mai-film-cest-la-vie\/\">12. Mai Film &#8222;A la vie&#8220;<\/a><div class=\"wp-block-latest-posts__post-excerpt\">Am Donnerstag, den 12. Mai wollen den Film &#8222;A la vie&#8220; von Aude P\u00e9pin im &#8230; <a title=\"12. Mai Film &#8222;A la vie&#8220;\" class=\"read-more\" href=\"https:\/\/tente-rouge-berlin.de\/de\/12-mai-film-cest-la-vie\/\" aria-label=\"Mehr Informationen \u00fcber 12. Mai Film &#8222;A la vie&#8220;\">Weiterlesen<\/a><\/div><\/li>\n<li><div class=\"wp-block-latest-posts__featured-image\"><a href=\"https:\/\/tente-rouge-berlin.de\/de\/tente-rouge-le-9-juin-2022\/\" aria-label=\"Tente Rouge le 9 Juin 2022\"><\/a><\/div><a class=\"wp-block-latest-posts__post-title\" href=\"https:\/\/tente-rouge-berlin.de\/de\/tente-rouge-le-9-juin-2022\/\">Tente Rouge le 9 Juin 2022<\/a><div class=\"wp-block-latest-posts__post-excerpt\">Pour participer, c\u2018 est simple il suffit de nous confirmer ta venue dans ce formulaire &#8230; <a title=\"Tente Rouge le 9 Juin 2022\" class=\"read-more\" href=\"https:\/\/tente-rouge-berlin.de\/de\/tente-rouge-le-9-juin-2022\/\" aria-label=\"Mehr Informationen \u00fcber Tente Rouge le 9 Juin 2022\">Weiterlesen<\/a><\/div><\/li>\n<li><div class=\"wp-block-latest-posts__featured-image\"><a href=\"https:\/\/tente-rouge-berlin.de\/de\/tente-rouge-le-20-janvier-2022\/\" aria-label=\"Tente Rouge le 20 Janvier 2022\"><\/a><\/div><a class=\"wp-block-latest-posts__post-title\" href=\"https:\/\/tente-rouge-berlin.de\/de\/tente-rouge-le-20-janvier-2022\/\">Tente Rouge le 20 Janvier 2022<\/a><div class=\"wp-block-latest-posts__post-excerpt\">Bonjour \u00e0 TOUTES et Bonne ann\u00e9e 2022! Jeudi 20 janvier 2022 \u00e0 19h00 \u00e0 Im &#8230; <a title=\"Tente Rouge le 20 Janvier 2022\" class=\"read-more\" href=\"https:\/\/tente-rouge-berlin.de\/de\/tente-rouge-le-20-janvier-2022\/\" aria-label=\"Mehr Informationen \u00fcber Tente Rouge le 20 Janvier 2022\">Weiterlesen<\/a><\/div><\/li>\n<\/ul>","protected":false},"excerpt":{"rendered":"","protected":false},"author":1,"featured_media":0,"parent":0,"menu_order":0,"comment_status":"closed","ping_status":"closed","template":"","meta":{"footnotes":""},"class_list":["post-992","page","type-page","status-publish"],"translation":{"provider":"WPGlobus","version":"3.0.2","language":"de","enabled_languages":["fr","de"],"languages":{"fr":{"title":true,"content":true,"excerpt":false},"de":{"title":false,"content":false,"excerpt":false}}},"_links":{"self":[{"href":"https:\/\/tente-rouge-berlin.de\/de\/wp-json\/wp\/v2\/pages\/992","targetHints":{"allow":["GET"]}}],"collection":[{"href":"https:\/\/tente-rouge-berlin.de\/de\/wp-json\/wp\/v2\/pages"}],"about":[{"href":"https:\/\/tente-rouge-berlin.de\/de\/wp-json\/wp\/v2\/types\/page"}],"author":[{"embeddable":true,"href":"https:\/\/tente-rouge-berlin.de\/de\/wp-json\/wp\/v2\/users\/1"}],"replies":[{"embeddable":true,"href":"https:\/\/tente-rouge-berlin.de\/de\/wp-json\/wp\/v2\/comments?post=992"}],"version-history":[{"count":3,"href":"https:\/\/tente-rouge-berlin.de\/de\/wp-json\/wp\/v2\/pages\/992\/revisions"}],"predecessor-version":[{"id":996,"href":"https:\/\/tente-rouge-berlin.de\/de\/wp-json\/wp\/v2\/pages\/992\/revisions\/996"}],"wp:attachment":[{"href":"https:\/\/tente-rouge-berlin.de\/de\/wp-json\/wp\/v2\/media?parent=992"}],"curies":[{"name":"wp","href":"https:\/\/api.w.org\/{rel}","templated":true}]}}