{"id":29,"date":"2022-05-17T12:12:15","date_gmt":"2022-05-17T12:12:15","guid":{"rendered":"https:\/\/tente-rouge-berlin.de\/?page_id=29"},"modified":"2023-03-03T11:09:01","modified_gmt":"2023-03-03T11:09:01","slug":"sources","status":"publish","type":"page","link":"https:\/\/tente-rouge-berlin.de\/de\/sources\/","title":{"rendered":"Sources"},"content":{"rendered":"\n<h3 class=\"wp-block-heading\">Lecture\/Videos et \u00e0 \u00e9couterLivres\/Romans<\/h3>\n\n\n\n<ul class=\"wp-block-list\">\n<li><em><strong><a rel=\"noreferrer noopener\" href=\"https:\/\/www.babelio.com\/livres\/Diamant-La-tente-rouge\/64972\" target=\"_blank\">La Tente rouge<\/a><\/strong><\/em>&nbsp; est un roman \u00e9crit par&nbsp;<a href=\"https:\/\/anitadiamant.com\/\" target=\"_blank\" rel=\"noreferrer noopener\">Anita Diamant<\/a>&nbsp;et publi\u00e9 en 1997 sous le titre original The Red Tent.1 500 av. J.-C., aux confins du d\u00e9sert. Dina, la seule fille de Jacob, un puissant patriarche, vit dans l&#8217;ombre de la tente rouge, cet endroit interdit aux hommes o\u00f9 les femmes de la tribu \u00e9changent secrets et rites ancestraux.&nbsp;\u200b<\/li>\n\n\n\n<li><em><strong><a rel=\"noreferrer noopener\" href=\"https:\/\/www.babelio.com\/livres\/Pinkola-Estes-Femmes-qui-courent-avec-les-loups\/2702\" target=\"_blank\">Femmes qui courent avec les loups<\/a><\/strong><\/em><strong>&nbsp;:&nbsp;<\/strong>Psychanalyste et conteuse, fascin\u00e9e par les mythes et les l\u00e9gendes,&nbsp;<strong><a href=\"https:\/\/www.clarissapinkolaestes.com\/index.htm\" target=\"_blank\" rel=\"noreferrer noopener\">Clarissa Pinkola Est\u00e9s<\/a><\/strong>&nbsp;nous propose de retrouver en nous &#8222;la femme sauvage&#8220; enfouie, pleine de vitalit\u00e9 et de g\u00e9n\u00e9rosit\u00e9, vibrante, donneuse de vie.<\/li>\n\n\n\n<li><em><strong><a rel=\"noreferrer noopener\" href=\"https:\/\/www.babelio.com\/livres\/Gray-Lune-rouge-les-forces-du-cycle-feminin\/483419\" target=\"_blank\">Lune rouge: Les forces du cycle f\u00e9minin<\/a><\/strong><\/em>&nbsp;de&nbsp;<strong><a href=\"https:\/\/mirandagray.co.uk\/\" target=\"_blank\" rel=\"noreferrer noopener\">Miranda Gray<\/a>:&nbsp;<\/strong>La femme moderne initi\u00e9e \u00e0 la sagesse antique du cycle menstruel. Le cycle menstruel \u00e9tait pour nos anc\u00eatres la source de puissantes \u00e9nergies cr\u00e9atrices, spirituelles, sexuelles, \u00e9motionnelles, mentales et physiques.<\/li>\n\n\n\n<li><em><u><strong><a rel=\"noreferrer noopener\" href=\"https:\/\/www.babelio.com\/livres\/Delaume-Les-sorcieres-de-la-Republique\/850252\" target=\"_blank\">Les Sorci\u00e8res de la R\u00e9publique<\/a>,<\/strong><\/u><\/em>\u00a0<strong><a rel=\"noreferrer noopener\" href=\"https:\/\/en.wikipedia.org\/wiki\/Chlo%C3%A9_Delaume\" target=\"_blank\"><mark style=\"background-color:rgba(0, 0, 0, 0)\" class=\"has-inline-color has-contrast-color\">Chlo\u00e9 Delaume<\/mark><\/a><\/strong><\/li>\n\n\n\n<li><em><u><strong><a rel=\"noreferrer noopener\" href=\"https:\/\/www.babelio.com\/livres\/Sorente-Le-complexe-de-la-sorciere\/1181891\" target=\"_blank\">Le Complexe de la Sorci\u00e8re<\/a><\/strong><\/u><\/em><mark style=\"background-color:rgba(0, 0, 0, 0)\" class=\"has-inline-color has-contrast-color\">, <\/mark><strong><a rel=\"noreferrer noopener\" href=\"https:\/\/fr.wikipedia.org\/wiki\/Isabelle_Sorente\" target=\"_blank\"><mark style=\"background-color:rgba(0, 0, 0, 0)\" class=\"has-inline-color has-contrast-color\">Isabelle Sorente<\/mark><\/a><\/strong><\/li>\n\n\n\n<li>\u201e<em><strong><a rel=\"noreferrer noopener\" href=\"https:\/\/www.babelio.com\/livres\/Burgart-Goutal-tre-ecofeministe\/1220109\" target=\"_blank\">Etre \u00e9cof\u00e9ministe Th\u00e9orie et pratique<\/a>\u201c<\/strong><\/em>,<strong> Jeanne Burgat Goutal<\/strong><\/li>\n\n\n\n<li><strong><em><mark style=\"background-color:rgba(0, 0, 0, 0)\" class=\"has-inline-color has-accent-color\">R\u00eaver l\u00b4obscur.Femmes, magie et politique<\/mark><\/em><\/strong>, de <strong><mark style=\"background-color:rgba(0, 0, 0, 0)\" class=\"has-inline-color has-contrast-color\">Starhawk<\/mark><\/strong><\/li>\n\n\n\n<li><em><u><strong><a rel=\"noreferrer noopener\" href=\"https:\/\/www.babelio.com\/livres\/Despentes-King-Kong-Theorie\/5892\" target=\"_blank\">King-Kong Th\u00e9orie<\/a> <\/strong><\/u><\/em>de <strong><a rel=\"noreferrer noopener\" href=\"https:\/\/en.wikipedia.org\/wiki\/Virginie_Despentes\" target=\"_blank\"><mark style=\"background-color:rgba(0, 0, 0, 0)\" class=\"has-inline-color has-contrast-color\">Virginie Despentes<\/mark><\/a><\/strong><\/li>\n\n\n\n<li><em><u><strong><a rel=\"noreferrer noopener\" href=\"https:\/\/www.babelio.com\/livres\/Becker-La-Maison\/1149677\" target=\"_blank\">La maison<\/a> <\/strong><\/u><\/em>d\u2018<strong><a rel=\"noreferrer noopener\" href=\"https:\/\/de.wikipedia.org\/wiki\/Emma_Becker\" target=\"_blank\"><mark style=\"background-color:rgba(0, 0, 0, 0)\" class=\"has-inline-color has-contrast-color\">Emma Becker<\/mark><\/a><\/strong><\/li>\n\n\n\n<li><strong><em><mark style=\"background-color:rgba(0, 0, 0, 0)\" class=\"has-inline-color has-accent-color\">Les r\u00e8gles&#8230;quelle aventure!<\/mark><\/em><\/strong> de<strong><mark style=\"background-color:rgba(0, 0, 0, 0)\" class=\"has-inline-color has-contrast-color\"> Elise Thi\u00e9baut et Mirion Malle<\/mark><\/strong><\/li>\n<\/ul>\n\n\n\n<p>et pour d\u00e9couvrir de nouvelles actus litt\u00e9raires ou pour red\u00e9couvrir des oeuvres, n h\u00e9sitez pas a vous rendre sur: <strong><em><mark style=\"background-color:rgba(0, 0, 0, 0)\" class=\"has-inline-color has-accent-color\"><a href=\"https:\/\/www.lesmissives.fr\/\">https:\/\/www.lesmissives.fr\/<\/a><\/mark><\/em><\/strong><\/p>\n\n\n\n<h3 class=\"wp-block-heading\">Articles<\/h3>\n\n\n\n<ul class=\"wp-block-list\">\n<li><a href=\"https:\/\/www.psychologies.com\/Moi\/Moi-et-les-autres\/Relationnel\/Articles-et-Dossiers\/Sororite-j-ai-teste-une-tente-rouge\">https:\/\/www.psychologies.com\/Moi\/Moi-et-les-autres\/Relationnel\/Articles-et-Dossiers\/Sororite-j-ai-teste-une-tente-rouge<\/a><\/li>\n\n\n\n<li><a href=\"https:\/\/tentesrouges.fr\/actualites\/les-tentes-rouges-pour-parler-librement\/\">https:\/\/tentesrouges.fr\/actualites\/les-tentes-rouges-pour-parler-librement\/<\/a><\/li>\n<\/ul>\n\n\n\n<h3 class=\"wp-block-heading\">Bandes dessin\u00e9es\/ Comics\/ Romans graphiques<\/h3>\n\n\n\n<ul class=\"wp-block-list\">\n<li><strong><em><mark style=\"background-color:rgba(0, 0, 0, 0)\" class=\"has-inline-color has-accent-color\">\u201eCulott\u00e9es\u201c <\/mark><\/em><\/strong>Tome 1 et 2 de <strong>P\u00e9n\u00e9lope Bagieu<\/strong> . Elle a dessin\u00e9 plusieurs portraits de femmes et elle mit en ligne les planches sur un blog h\u00e9berg\u00e9 par lemonde.fr. sous\u00a0l intitul\u00e9 : Chaque lundi, une femme qui ne fait que ce qu&#8217;elle veut!<\/li>\n\n\n\n<li><em>De <\/em><strong>Liv Str\u00f6mquist: <\/strong><mark style=\"background-color:rgba(0, 0, 0, 0)\" class=\"has-inline-color has-accent-color\"><strong>\u00ab\u00a0<\/strong><em><u><strong>les Sentiments du prince Charles\u00a0\u00bb<\/strong><\/u><\/em> ;<em><u><strong> \u00ab\u00a0L\u2019origine du monde\u00a0\u00bb<\/strong><\/u><\/em>;\u00a0<em><u><strong>\u00bb I&#8217;m every woman\u00a0\u00bb<\/strong><\/u><\/em>; <em><u><strong>\u00ab\u00a0La rose la plus rouge s\u2019\u00e9panouit\u00a0\u00bb<\/strong><\/u><\/em>\u00a0; <strong><em>&#8220; dans le palais des miroirs&#8220;<\/em><\/strong><\/mark><\/li>\n<\/ul>\n\n\n\n<ul class=\"wp-block-list\">\n<li><em><u><strong><mark style=\"background-color:rgba(0, 0, 0, 0)\" class=\"has-inline-color has-accent-color\">&#8222;Histoires du soir pour Felles rebelles: 100 destins de femmes extraordinaires&#8220;<\/mark><\/strong><\/u><\/em>de <strong>Elena Favilli<\/strong> et <strong>Francesca Cavallo.<\/strong>T.1 et T.2.<\/li>\n\n\n\n<li><mark style=\"background-color:rgba(0, 0, 0, 0)\" class=\"has-inline-color has-accent-color\">\u201e<em><strong>Femme rebelle, l histoire de Margaret Sanger\u201c<\/strong><\/em> <\/mark>de <strong>Peter Bagge<\/strong><\/li>\n<\/ul>\n\n\n\n<h3 class=\"wp-block-heading\">Podcasts<\/h3>\n\n\n\n<ul class=\"wp-block-list\">\n<li>Nous avons appr\u00e9ci\u00e9 cette s\u00e9rie documentaire qui dresse un panorama complet de la figure de la sorci\u00e8re du XV \u00e8me si\u00e8cle \u00e0 nos jours. En 4 \u00e9pisodes et avec une bibliographie vari\u00e9e et pertinente, nous traversons les \u00e9poques et plusieurs enjeux: Politiques, soci\u00e9taux,internationaux&#8230;Alors &#8222;Sorci\u00e8re, Sorci\u00e8re prend garde&#8230;. Mais \u00e0 quoi d\u00b4ailleurs?&#8220;Entre objet de r\u00e9pulsion et figure f\u00e9ministe et politique, elle a contribu\u00e9 \u00e0 l\u00b4\u00e9mancipation f\u00e9minine et une r\u00e9flexion sur les &#8222;f\u00e9minit\u00e9s&#8220; et ce \u00e0 travers les \u00e2ges et les soci\u00e9t\u00e9s:\n<ul class=\"wp-block-list\">\n<li><strong><a href=\"https:\/\/www.franceculture.fr\/...\/lsd-la-serie...\/sorcieres\" target=\"_blank\" rel=\"noreferrer noopener\">https:\/\/www.franceculture.fr\/&#8230;\/lsd-la-serie&#8230;\/sorcieres<\/a><\/strong><\/li>\n<\/ul>\n<\/li>\n<\/ul>\n\n\n\n<ul class=\"wp-block-list\">\n<li>C est un th\u00e8me dont nous ne nous lassons pas: Les r\u00e8gles et les protections hygi\u00e9niques. France culture vient de remettre \u00e0 jour cet article sur l histoire des protections hygi\u00e9nique avec un accent sur les r\u00e9centes initiatives: Distributions gratuites de protections dans certaines Universit\u00e9s( notamment \u00e0 Lille o\u00f9 l exp\u00e9rimentation a d\u00e9but\u00e9):&nbsp;<strong><a href=\"https:\/\/www.franceculture.fr\/...\/des-batonnets-de-lin-a...\" target=\"_blank\" rel=\"noreferrer noopener\">https:\/\/www.franceculture.fr\/&#8230;\/des-batonnets-de-lin-a&#8230;<\/a><\/strong><\/li>\n<\/ul>\n\n\n\n<ul class=\"wp-block-list\">\n<li>2 PodcastsPlein d\u2019\u00e9nergie positive et de pistes cr\u00e9atives pour penser notre place de femme et notre capacit\u00e9 \u00e0 entrer en action pour agir pour l\u2019environnement:<\/li>\n\n\n\n<li><a href=\"https:\/\/youtu.be\/oFGQq_p3O2s\"><strong>https:\/\/youtu.be\/oFGQq_p3O2s<\/strong><\/a><\/li>\n\n\n\n<li><a href=\"https:\/\/youtu.be\/TJh3UXj55wY\"><strong>https:\/\/youtu.be\/TJh3UXj55wY<\/strong><\/a><\/li>\n<\/ul>\n\n\n\n<h3 class=\"wp-block-heading\">Court-m\u00e9trages -Kurz Film, Emissions-Sendungen, Documentaire- Doku; \u00e0 voir\/zu Schauen<\/h3>\n\n\n\n<ul class=\"wp-block-list\">\n<li>Le <em><u><strong>Clitoris<\/strong><\/u><\/em> de <strong>Lori Mal\u00e9part- Traversy<\/strong> : <a href=\"https:\/\/m.youtube.com\/watch?v=J_3OA_VZVkY&amp;t=36s\"><strong>https:\/\/m.youtube.com\/watch?v=J_3OA_VZVkY&amp;t=36s<\/strong><\/a><\/li>\n<\/ul>\n\n\n\n<ul class=\"wp-block-list\">\n<li>La s\u00e9rie <em><u><strong>Libres<\/strong><\/u><\/em> sur <strong>Arte<\/strong> d <strong>Ovidie<\/strong>, d\u2019apr\u00e8s la Bande-dessin\u00e9e\u00a0\u00ab\u00a0Libres\u00a0! Manifeste pour s\u2019affranchir des Diktate sexuels\u00a0\u00bb de Ovidie et Diglee : <a href=\"https:\/\/www.arte.tv\/fr\/videos\/RC-020447\/libres\/\"><strong>https:\/\/www.arte.tv\/fr\/videos\/RC-020447\/libres\/<\/strong><\/a><\/li>\n<\/ul>\n\n\n\n<ul class=\"wp-block-list\">\n<li><em><u><strong>H24<\/strong><\/u><\/em> = 24 heures dans la vie d&#8217;une femme : j\u00ab\u00a0Inspir\u00e9e de faits r\u00e9els, une s\u00e9rie manifeste qui rend compte des violences faites aux femmes au quotidien. Sur une id\u00e9e originale de Nathalie Masduraud et Val\u00e9rie Urrea, 24 films courts audacieux, d\u2019apr\u00e8s les textes de 24 autrices europ\u00e9ennes, interpr\u00e9t\u00e9s par 24 actrices d\u2019exception. Une diversit\u00e9 de voix et de talents, dans une collection forte et engag\u00e9e.\u00a0\u00bb \u00c0 d\u00e9couvrir sur <strong>Arte\u00a0: <\/strong><a href=\"https:\/\/www.arte.tv\/fr\/videos\/RC-021432\/h24\/\"><strong>https:\/\/www.arte.tv\/fr\/videos\/RC-021432\/h24\/<\/strong><\/a><\/li>\n<\/ul>\n\n\n\n<ul class=\"wp-block-list\">\n<li><em><u><strong>\u00c0 la vie <\/strong><\/u><\/em>d\u2018<strong>Aude Pepin;<\/strong>Chantal Birman, sage-femme lib\u00e9rale et f\u00e9ministe, a consacr\u00e9 sa vie \u00e0 d\u00e9fendre le droit des femmes. \u00c0 presque 70 ans, elle continue de se rendre aupr\u00e8s de celles qui viennent d\u2019accoucher pour leur prodiguer soins et conseils. Entre instants douloureux et joies intenses, ses visites offrent une photographie rare de ce moment d\u00e9licat qu\u2019est le retour \u00e0 la maison. : <a href=\"https:\/\/www.allocine.fr\/video\/player_gen_cmedia=19593868&amp;cfilm=280209.html\">https:\/\/www.allocine.fr\/video\/player_gen_cmedia=19593868&amp;cfilm=280209.html<\/a><\/li>\n<\/ul>\n","protected":false},"excerpt":{"rendered":"<p>Lecture\/Videos et \u00e0 \u00e9couterLivres\/Romans et pour d\u00e9couvrir de nouvelles actus litt\u00e9raires ou pour red\u00e9couvrir des oeuvres, n h\u00e9sitez pas a vous rendre sur: https:\/\/www.lesmissives.fr\/ Articles Bandes dessin\u00e9es\/ Comics\/ Romans graphiques Podcasts Court-m\u00e9trages -Kurz Film, Emissions-Sendungen, Documentaire- Doku; \u00e0 voir\/zu Schauen<\/p>\n","protected":false},"author":1,"featured_media":0,"parent":0,"menu_order":0,"comment_status":"closed","ping_status":"closed","template":"","meta":{"footnotes":""},"class_list":["post-29","page","type-page","status-publish"],"translation":{"provider":"WPGlobus","version":"3.0.2","language":"de","enabled_languages":["fr","de"],"languages":{"fr":{"title":true,"content":true,"excerpt":false},"de":{"title":false,"content":false,"excerpt":false}}},"_links":{"self":[{"href":"https:\/\/tente-rouge-berlin.de\/de\/wp-json\/wp\/v2\/pages\/29","targetHints":{"allow":["GET"]}}],"collection":[{"href":"https:\/\/tente-rouge-berlin.de\/de\/wp-json\/wp\/v2\/pages"}],"about":[{"href":"https:\/\/tente-rouge-berlin.de\/de\/wp-json\/wp\/v2\/types\/page"}],"author":[{"embeddable":true,"href":"https:\/\/tente-rouge-berlin.de\/de\/wp-json\/wp\/v2\/users\/1"}],"replies":[{"embeddable":true,"href":"https:\/\/tente-rouge-berlin.de\/de\/wp-json\/wp\/v2\/comments?post=29"}],"version-history":[{"count":7,"href":"https:\/\/tente-rouge-berlin.de\/de\/wp-json\/wp\/v2\/pages\/29\/revisions"}],"predecessor-version":[{"id":1143,"href":"https:\/\/tente-rouge-berlin.de\/de\/wp-json\/wp\/v2\/pages\/29\/revisions\/1143"}],"wp:attachment":[{"href":"https:\/\/tente-rouge-berlin.de\/de\/wp-json\/wp\/v2\/media?parent=29"}],"curies":[{"name":"wp","href":"https:\/\/api.w.org\/{rel}","templated":true}]}}