{"id":1053,"date":"2022-06-03T09:13:44","date_gmt":"2022-06-03T09:13:44","guid":{"rendered":"https:\/\/tente-rouge-berlin.de\/?page_id=1053"},"modified":"2022-06-17T12:49:27","modified_gmt":"2022-06-17T12:49:27","slug":"nous-2","status":"publish","type":"page","link":"https:\/\/tente-rouge-berlin.de\/de\/nous-2\/","title":{"rendered":"Wir"},"content":{"rendered":"\n<div class=\"wp-block-columns is-layout-flex wp-container-core-columns-is-layout-9d6595d7 wp-block-columns-is-layout-flex\">\n<div class=\"wp-block-column is-layout-flow wp-block-column-is-layout-flow\">\n<figure class=\"wp-block-image size-large is-resized is-style-rounded\"><img loading=\"lazy\" decoding=\"async\" src=\"https:\/\/tente-rouge-berlin.de\/wp-content\/uploads\/2022\/06\/Celine-carree-1024x1024.jpg\" alt=\"\" class=\"wp-image-81\" width=\"250\" height=\"250\" srcset=\"https:\/\/tente-rouge-berlin.de\/wp-content\/uploads\/2022\/06\/Celine-carree-1024x1024.jpg 1024w, https:\/\/tente-rouge-berlin.de\/wp-content\/uploads\/2022\/06\/Celine-carree-300x300.jpg 300w, https:\/\/tente-rouge-berlin.de\/wp-content\/uploads\/2022\/06\/Celine-carree-150x150.jpg 150w, https:\/\/tente-rouge-berlin.de\/wp-content\/uploads\/2022\/06\/Celine-carree-768x768.jpg 768w, https:\/\/tente-rouge-berlin.de\/wp-content\/uploads\/2022\/06\/Celine-carree-1536x1536.jpg 1536w, https:\/\/tente-rouge-berlin.de\/wp-content\/uploads\/2022\/06\/Celine-carree.jpg 1554w\" sizes=\"auto, (max-width: 250px) 100vw, 250px\" \/><\/figure>\n\n\n\n<h2 class=\"has-text-align-center wp-block-heading\">C\u00e9line Marin<\/h2>\n\n\n\n<p>Ich bin eine Frau voller Energie,die gerne lernt und vertieft. Ich bin eine Frau, die es liebt, Beziehungen zwischen Menschen zu kn\u00fcpfen. Ich bin eine Tr\u00e4umerin, die glaubt, dass Liebe und geteilte Sanftheit jedem die Energie garantieren, ein Maximum an F\u00e4higkeiten zu entwickeln.<br>Ich liebe die Kraft der Natur, die Intensit\u00e4t der Elemente.<br>Ich mag Radfahren, frische Luft, B\u00fccher, einfache Dinge \u2026 und mich ein wenig hinsetzen, um das zu betrachten, \u201ewas da ist\u201c. Ich bin C\u00e9line,die Im Baum zusammen mit Julia Hassenfuss gegr\u00fcndet hat. Dieser Raum erm\u00f6glicht es Familien, sich zu treffen, Kontakte zu kn\u00fcpfen und sich \u00fcber ihre Erfahrungen als neue Eltern auszutauschen.<br>Ein wohlwollender, sanfter Ort, an dem gesungen wird und an dem Humor die Energie bis zur n\u00e4chsten Woche wieder auff\u00fcllt. Wie sehr ich es liebe, euer Lachen zu h\u00f6ren, wenn sich die T\u00fcr hinter euch schlie\u00dft!<br>Ein Ort, an dem jeden Monat eine Gruppe von Frauen unter das rote Zelt schl\u00fcpft, um sich unter Schwestern und Frauen auszutauschen, um sich auszuruhen und neue Kraft zu sch\u00f6pfen.Ich bin die Doula Im Baum die kommt, um dich beim Nestbau zu unterst\u00fctzen, damit ihr beide einen kuscheligen Platz findet und gemeinsam ein melodisches und harmonisches Lied bauen k\u00f6nnt.<\/p>\n\n\n\n<p><a href=\"https:\/\/www.doula-im-baum.de\" target=\"_blank\" rel=\"noreferrer noopener\">http:\/\/www.doula-im-baum.de<\/a><\/p>\n<\/div>\n\n\n\n<div class=\"wp-block-column is-layout-flow wp-block-column-is-layout-flow\">\n<figure class=\"wp-block-image size-large is-resized is-style-rounded\"><img loading=\"lazy\" decoding=\"async\" src=\"https:\/\/tente-rouge-berlin.de\/wp-content\/uploads\/2022\/06\/Gaelle-carree-1024x1024.jpg\" alt=\"\" class=\"wp-image-84\" width=\"250\" height=\"250\" srcset=\"https:\/\/tente-rouge-berlin.de\/wp-content\/uploads\/2022\/06\/Gaelle-carree-1024x1024.jpg 1024w, https:\/\/tente-rouge-berlin.de\/wp-content\/uploads\/2022\/06\/Gaelle-carree-300x300.jpg 300w, https:\/\/tente-rouge-berlin.de\/wp-content\/uploads\/2022\/06\/Gaelle-carree-150x150.jpg 150w, https:\/\/tente-rouge-berlin.de\/wp-content\/uploads\/2022\/06\/Gaelle-carree-768x768.jpg 768w, https:\/\/tente-rouge-berlin.de\/wp-content\/uploads\/2022\/06\/Gaelle-carree.jpg 1223w\" sizes=\"auto, (max-width: 250px) 100vw, 250px\" \/><\/figure>\n\n\n\n<h2 class=\"has-text-align-center wp-block-heading\">Ga\u00eblle Pag\u00e8s<\/h2>\n\n\n\n<p>Ich bin Ga\u00eblle, ich bin Frau, Partnerin, Freundin, Tochter, Mutter und Schwester. Ich bin vielseitig, feministisch, intuitiv und explosiv.<br>Ich bin wie die Natur, mal sanft und n\u00e4hrend, mal windig und k\u00fchl, aber immer wohlwollend und wachsam, um sich zu erneuern. Als Massagetherapeutin und Hobbyt\u00e4nzerin seit mehreren Jahrzehnten fasziniert mich die Arbeit rund um K\u00f6rper, Bewegung, Energie und ihren Einfluss auf unser Wohlbefinden immer wieder aufs Neue. Ich liebe Bewegung, Begegnungen und Austausch, und ich liebe es, mit mehreren Personen R\u00e4ume der Z\u00e4rtlichkeit zu schaffen, in denen jede und jeder neue Energie tanken und sich entfalten kann.Mein Weg als Frau und die Begegnung mit meiner heiligen Weiblichkeit haben mich ganz einfach dazu gebracht, 2018 mit meiner Freundin Doula C\u00e9line Marin: Tente rouge Berlin zu gr\u00fcnden. In diesen Kreisen lade ich Frauen ein und begleite sie dabei, sich wieder mit ihrem heiligen Weiblichen zu verbinden, damit sie sich auf dem Weg ihrer Erfahrungen besser um ihre Weiblichkeit k\u00fcmmern k\u00f6nnen.<\/p>\n<\/div>\n\n\n\n<div class=\"wp-block-column is-layout-flow wp-block-column-is-layout-flow\">\n<figure class=\"wp-block-image size-large is-resized is-style-rounded\"><img loading=\"lazy\" decoding=\"async\" src=\"https:\/\/tente-rouge-berlin.de\/wp-content\/uploads\/2022\/06\/Charlotte-carree-1024x1024.jpg\" alt=\"\" class=\"wp-image-85\" width=\"250\" height=\"250\" srcset=\"https:\/\/tente-rouge-berlin.de\/wp-content\/uploads\/2022\/06\/Charlotte-carree-1024x1024.jpg 1024w, https:\/\/tente-rouge-berlin.de\/wp-content\/uploads\/2022\/06\/Charlotte-carree-300x300.jpg 300w, https:\/\/tente-rouge-berlin.de\/wp-content\/uploads\/2022\/06\/Charlotte-carree-150x150.jpg 150w, https:\/\/tente-rouge-berlin.de\/wp-content\/uploads\/2022\/06\/Charlotte-carree-768x768.jpg 768w, https:\/\/tente-rouge-berlin.de\/wp-content\/uploads\/2022\/06\/Charlotte-carree.jpg 1470w\" sizes=\"auto, (max-width: 250px) 100vw, 250px\" \/><\/figure>\n\n\n\n<h2 class=\"has-text-align-center wp-block-heading\">Charlotte Ferguson<\/h2>\n\n\n\n<p>Ich versuche, die Welt besser zu verstehen, indem ich die Welt und ihre Menschen erkunde. Die Orte, an denen ich gelebt habe, und die Orte, an die ich gereist bin, die Bandbreite der Berufe, die ich ausge\u00fcbt habe, haben mir Begegnungen beschert, die mir ebenso viele Antworten wie Fragen beschert haben. Diese Antworten und Fragen bringen mich weiterhin mir selbst n\u00e4her, immer weiter zu lernen. Zu dekonstruieren und zu rekonstruieren. Mich meiner Weiblichkeit ann\u00e4hern. Lauter sprechen, wenn ich es brauche, besser zuh\u00f6ren, wenn andere es brauchen. Eine pr\u00e4sente Mutter sein. F\u00fcr mich da sein\u2026 Ich freue mich darauf, die Treffen fortzusetzen, die es mir erm\u00f6glichen, mir selbst besser zu begegnen.<\/p>\n<\/div>\n<\/div>\n","protected":false},"excerpt":{"rendered":"<p>C\u00e9line Marin Ich bin eine Frau voller Energie,die gerne lernt und vertieft. Ich bin eine Frau, die es liebt, Beziehungen zwischen Menschen zu kn\u00fcpfen. Ich bin eine Tr\u00e4umerin, die glaubt, dass Liebe und geteilte Sanftheit jedem die Energie garantieren, ein Maximum an F\u00e4higkeiten zu entwickeln.Ich liebe die Kraft der Natur, die Intensit\u00e4t der Elemente.Ich mag &#8230; <a title=\"Wir\" class=\"read-more\" href=\"https:\/\/tente-rouge-berlin.de\/de\/nous-2\/\" aria-label=\"Mehr Informationen \u00fcber Wir\">Weiterlesen<\/a><\/p>\n","protected":false},"author":1,"featured_media":0,"parent":0,"menu_order":0,"comment_status":"closed","ping_status":"closed","template":"","meta":{"footnotes":""},"class_list":["post-1053","page","type-page","status-publish"],"translation":{"provider":"WPGlobus","version":"3.0.2","language":"de","enabled_languages":["fr","de"],"languages":{"fr":{"title":true,"content":true,"excerpt":false},"de":{"title":true,"content":true,"excerpt":false}}},"_links":{"self":[{"href":"https:\/\/tente-rouge-berlin.de\/de\/wp-json\/wp\/v2\/pages\/1053","targetHints":{"allow":["GET"]}}],"collection":[{"href":"https:\/\/tente-rouge-berlin.de\/de\/wp-json\/wp\/v2\/pages"}],"about":[{"href":"https:\/\/tente-rouge-berlin.de\/de\/wp-json\/wp\/v2\/types\/page"}],"author":[{"embeddable":true,"href":"https:\/\/tente-rouge-berlin.de\/de\/wp-json\/wp\/v2\/users\/1"}],"replies":[{"embeddable":true,"href":"https:\/\/tente-rouge-berlin.de\/de\/wp-json\/wp\/v2\/comments?post=1053"}],"version-history":[{"count":12,"href":"https:\/\/tente-rouge-berlin.de\/de\/wp-json\/wp\/v2\/pages\/1053\/revisions"}],"predecessor-version":[{"id":1095,"href":"https:\/\/tente-rouge-berlin.de\/de\/wp-json\/wp\/v2\/pages\/1053\/revisions\/1095"}],"wp:attachment":[{"href":"https:\/\/tente-rouge-berlin.de\/de\/wp-json\/wp\/v2\/media?parent=1053"}],"curies":[{"name":"wp","href":"https:\/\/api.w.org\/{rel}","templated":true}]}}